{"id":1912,"date":"2023-05-05T22:48:36","date_gmt":"2023-05-05T22:48:36","guid":{"rendered":"https:\/\/tplabs.co\/congin\/?page_id=1912"},"modified":"2024-01-04T16:25:32","modified_gmt":"2024-01-04T13:25:32","slug":"hakkimizda","status":"publish","type":"page","link":"https:\/\/sefayarar.com.tr\/demo\/erdem\/hakkimizda\/","title":{"rendered":"Hakk\u0131m\u0131zda"},"content":{"rendered":"\t\t<div data-elementor-type=\"wp-page\" data-elementor-id=\"1912\" class=\"elementor elementor-1912\">\n\t\t\t\t\t\t\t\t\t<section class=\"elementor-section elementor-top-section elementor-element elementor-element-a995223 elementor-section-full_width elementor-section-stretched elementor-section-height-default elementor-section-height-default\" data-id=\"a995223\" data-element_type=\"section\" data-settings=\"{&quot;stretch_section&quot;:&quot;section-stretched&quot;}\">\n\t\t\t\t\t\t<div class=\"elementor-container elementor-column-gap-no\">\n\t\t\t\t\t<div class=\"elementor-column elementor-col-100 elementor-top-column elementor-element elementor-element-1b1ea48\" data-id=\"1b1ea48\" data-element_type=\"column\">\n\t\t\t<div class=\"elementor-widget-wrap elementor-element-populated\">\n\t\t\t\t\t\t\t\t<div class=\"elementor-element elementor-element-276a8b2 elementor-widget__width-initial elementor-absolute image-width-full elementor-widget elementor-widget-mae-gallery-stack\" data-id=\"276a8b2\" data-element_type=\"widget\" data-settings=\"{&quot;_position&quot;:&quot;absolute&quot;}\" data-widget_type=\"mae-gallery-stack.default\">\n\t\t\t\t<div class=\"elementor-widget-container\">\n\t\t\t\t\t<div class=\"master-gallery-stack\">\n\t\t\t<div class=\"master-fancy-image elementor-repeater-item-79ce365 \" data-top=\"0px\" data-calcHeight=\"no\">\n\t\t\t\t\t\t\t\t\t\t<div class=\"image-wrap\"><img fetchpriority=\"high\" decoding=\"async\" width=\"370\" height=\"620\" src=\"https:\/\/sefayarar.com.tr\/demo\/erdem\/wp-content\/uploads\/2023\/09\/factory-img-02.jpg\" class=\"attachment-full size-full\" alt=\"\" srcset=\"https:\/\/sefayarar.com.tr\/demo\/erdem\/wp-content\/uploads\/2023\/09\/factory-img-02.jpg 370w, https:\/\/sefayarar.com.tr\/demo\/erdem\/wp-content\/uploads\/2023\/09\/factory-img-02-179x300.jpg 179w\" sizes=\"(max-width: 370px) 100vw, 370px\" \/><\/div>\n\t\t\t\t\t\t\t\t\t<\/div>\t\t<\/div>\n\t    \t\t<\/div>\n\t\t\t\t<\/div>\n\t\t\t\t<div class=\"elementor-element elementor-element-86b9177 elementor-widget elementor-widget-spacer\" data-id=\"86b9177\" data-element_type=\"widget\" data-widget_type=\"spacer.default\">\n\t\t\t\t<div class=\"elementor-widget-container\">\n\t\t\t<style>\/*! elementor - v3.18.0 - 20-12-2023 *\/\n.elementor-column .elementor-spacer-inner{height:var(--spacer-size)}.e-con{--container-widget-width:100%}.e-con-inner>.elementor-widget-spacer,.e-con>.elementor-widget-spacer{width:var(--container-widget-width,var(--spacer-size));--align-self:var(--container-widget-align-self,initial);--flex-shrink:0}.e-con-inner>.elementor-widget-spacer>.elementor-widget-container,.e-con>.elementor-widget-spacer>.elementor-widget-container{height:100%;width:100%}.e-con-inner>.elementor-widget-spacer>.elementor-widget-container>.elementor-spacer,.e-con>.elementor-widget-spacer>.elementor-widget-container>.elementor-spacer{height:100%}.e-con-inner>.elementor-widget-spacer>.elementor-widget-container>.elementor-spacer>.elementor-spacer-inner,.e-con>.elementor-widget-spacer>.elementor-widget-container>.elementor-spacer>.elementor-spacer-inner{height:var(--container-widget-height,var(--spacer-size))}.e-con-inner>.elementor-widget-spacer.elementor-widget-empty,.e-con>.elementor-widget-spacer.elementor-widget-empty{position:relative;min-height:22px;min-width:22px}.e-con-inner>.elementor-widget-spacer.elementor-widget-empty .elementor-widget-empty-icon,.e-con>.elementor-widget-spacer.elementor-widget-empty .elementor-widget-empty-icon{position:absolute;top:0;bottom:0;left:0;right:0;margin:auto;padding:0;width:22px;height:22px}<\/style>\t\t<div class=\"elementor-spacer\">\n\t\t\t<div class=\"elementor-spacer-inner\"><\/div>\n\t\t<\/div>\n\t\t\t\t<\/div>\n\t\t\t\t<\/div>\n\t\t\t\t<section class=\"elementor-section elementor-inner-section elementor-element elementor-element-452139c elementor-section-boxed elementor-section-height-default elementor-section-height-default\" data-id=\"452139c\" data-element_type=\"section\">\n\t\t\t\t\t\t<div class=\"elementor-container elementor-column-gap-default\">\n\t\t\t\t\t<div class=\"elementor-column elementor-col-50 elementor-inner-column elementor-element elementor-element-1130e3a\" data-id=\"1130e3a\" data-element_type=\"column\">\n\t\t\t<div class=\"elementor-widget-wrap elementor-element-populated\">\n\t\t\t\t\t\t\t\t<div class=\"elementor-element elementor-element-9389ed8 heading-default elementor-widget elementor-widget-mae-headings\" data-id=\"9389ed8\" data-element_type=\"widget\" data-widget_type=\"mae-headings.default\">\n\t\t\t\t<div class=\"elementor-widget-container\">\n\t\t\t\t\t<div class=\"master-heading sep-none\">\n\t\t\t\n\t        \n\t        \n\t        \t        <h2 class=\"main-heading\">We Provide Best\nIndustrial Services<\/h2>\n\t        \n\t        \n\t        \t            <div class=\"sub-heading\">15 ki\u015filik montaj kadromuz var. %80 yurt d\u0131\u015f\u0131 \u00e7al\u0131\u015f\u0131yoruz. \u00d6zellikle Rusya , Afrika \u00fclkeleri Cezayir,\u00a0Fas,\u00a0Tunus\u00a0gibi<\/div>\n\t        \t    <\/div>\n\t    \t\t<\/div>\n\t\t\t\t<\/div>\n\t\t\t\t<div class=\"elementor-element elementor-element-2276d74 pin-yes elementor-widget elementor-widget-mae-progress-bar\" data-id=\"2276d74\" data-element_type=\"widget\" data-widget_type=\"mae-progress-bar.default\">\n\t\t\t\t<div class=\"elementor-widget-container\">\n\t\t\t\t\t<div class=\"master-progress-bar\">\n\t\t\t<div class=\"texts\">\n\t        \t<span class=\"title\">\u00dcretim & Arge\n<\/span>\t        <\/div>\n\t        <div class=\"progress-bar\">\n\t        \t<span class=\"percent\">85%<\/span>\t\t\t\t<div class=\"progress\" data-percent=\"85%\"><\/div>\n\t\t\t<\/div>\n\t    <\/div>\n\t    \t\t<\/div>\n\t\t\t\t<\/div>\n\t\t\t\t<div class=\"elementor-element elementor-element-1716b34 pin-yes elementor-widget elementor-widget-mae-progress-bar\" data-id=\"1716b34\" data-element_type=\"widget\" data-widget_type=\"mae-progress-bar.default\">\n\t\t\t\t<div class=\"elementor-widget-container\">\n\t\t\t\t\t<div class=\"master-progress-bar\">\n\t\t\t<div class=\"texts\">\n\t        \t<span class=\"title\">\nTeknik Servis & Destek\n<\/span>\t        <\/div>\n\t        <div class=\"progress-bar\">\n\t        \t<span class=\"percent\">97%<\/span>\t\t\t\t<div class=\"progress\" data-percent=\"97%\"><\/div>\n\t\t\t<\/div>\n\t    <\/div>\n\t    \t\t<\/div>\n\t\t\t\t<\/div>\n\t\t\t\t<div class=\"elementor-element elementor-element-d85fcfd elementor-widget elementor-widget-image\" data-id=\"d85fcfd\" data-element_type=\"widget\" data-widget_type=\"image.default\">\n\t\t\t\t<div class=\"elementor-widget-container\">\n\t\t\t<style>\/*! elementor - v3.18.0 - 20-12-2023 *\/\n.elementor-widget-image{text-align:center}.elementor-widget-image a{display:inline-block}.elementor-widget-image a img[src$=\".svg\"]{width:48px}.elementor-widget-image img{vertical-align:middle;display:inline-block}<\/style>\t\t\t\t\t\t\t\t\t\t\t\t<img decoding=\"async\" width=\"269\" height=\"90\" src=\"https:\/\/sefayarar.com.tr\/demo\/erdem\/wp-content\/uploads\/2023\/05\/signature-with-avatar.png\" class=\"attachment-full size-full wp-image-3415\" alt=\"\" \/>\t\t\t\t\t\t\t\t\t\t\t\t\t\t\t<\/div>\n\t\t\t\t<\/div>\n\t\t\t\t<div class=\"elementor-element elementor-element-1d6f03a elementor-widget__width-initial elementor-absolute elementor-hidden-mobile elementor-widget elementor-widget-html\" data-id=\"1d6f03a\" data-element_type=\"widget\" data-settings=\"{&quot;_position&quot;:&quot;absolute&quot;}\" data-widget_type=\"html.default\">\n\t\t\t\t<div class=\"elementor-widget-container\">\n\t\t\t<div class=\"text-center\">\r\n<div style=\"margin-bottom:35px;font-size:18px; line-height:30px;\">B\u00fct\u00fcn S\u00fcre\u00e7te Yan\u0131n\u0131zday\u0131z.<\/div>\r\n\r\n<div class=\"accent-color\" style=\"font-size:24px;line-height:1;font-weight:700\">+90 533 433 97 69<\/div>\r\n<\/div>\t\t<\/div>\n\t\t\t\t<\/div>\n\t\t\t\t\t<\/div>\n\t\t<\/div>\n\t\t\t\t<div class=\"elementor-column elementor-col-50 elementor-inner-column elementor-element elementor-element-494e1f1\" data-id=\"494e1f1\" data-element_type=\"column\">\n\t\t\t<div class=\"elementor-widget-wrap elementor-element-populated\">\n\t\t\t\t\t\t\t\t<div class=\"elementor-element elementor-element-99ff739 image-width-full elementor-widget elementor-widget-mae-gallery-stack\" data-id=\"99ff739\" data-element_type=\"widget\" data-widget_type=\"mae-gallery-stack.default\">\n\t\t\t\t<div class=\"elementor-widget-container\">\n\t\t\t\t\t<div class=\"master-gallery-stack\">\n\t\t\t<div class=\"master-fancy-image master-animation elementor-repeater-item-766c66e \" data-top=\"0px\" data-animation=\"reveal revealTop2\" data-calcHeight=\"no\">\n\t\t\t\t\t\t\t\t\t<div class=\"image-wrap\"><img decoding=\"async\" width=\"490\" height=\"522\" src=\"https:\/\/sefayarar.com.tr\/demo\/erdem\/wp-content\/uploads\/2023\/05\/fancy-img-1.webp\" class=\"attachment-full size-full\" alt=\"\" srcset=\"https:\/\/sefayarar.com.tr\/demo\/erdem\/wp-content\/uploads\/2023\/05\/fancy-img-1.webp 490w, https:\/\/sefayarar.com.tr\/demo\/erdem\/wp-content\/uploads\/2023\/05\/fancy-img-1-282x300.webp 282w\" sizes=\"(max-width: 490px) 100vw, 490px\" \/><\/div>\n\t\t\t\t\t\t\t\t<\/div><div class=\"master-fancy-image master-animation elementor-repeater-item-71bc0c5 \" data-top=\"0px\" data-animation=\"reveal revealTop2\" data-calcHeight=\"no\">\n\t\t\t\t\t\t\t\t\t<div class=\"image-wrap\"><img loading=\"lazy\" decoding=\"async\" width=\"348\" height=\"322\" src=\"https:\/\/sefayarar.com.tr\/demo\/erdem\/wp-content\/uploads\/2023\/05\/fancy-img-2.webp\" class=\"attachment-full size-full\" alt=\"\" srcset=\"https:\/\/sefayarar.com.tr\/demo\/erdem\/wp-content\/uploads\/2023\/05\/fancy-img-2.webp 348w, https:\/\/sefayarar.com.tr\/demo\/erdem\/wp-content\/uploads\/2023\/05\/fancy-img-2-300x278.webp 300w\" sizes=\"(max-width: 348px) 100vw, 348px\" \/><\/div>\n\t\t\t\t\t\t\t\t<\/div><div class=\"master-shape master-animation elementor-repeater-item-477cd97 \" data-animation=\"zoomInSmall\" data-calcHeight=\"no\"><\/div><div class=\"master-shape master-animation elementor-repeater-item-4e4d2f6 \" data-animation=\"zoomInSmall\" data-calcHeight=\"no\"><\/div>\t\t<\/div>\n\t    \t\t<\/div>\n\t\t\t\t<\/div>\n\t\t\t\t<div class=\"elementor-element elementor-element-4e5e613 elementor-widget elementor-widget-spacer\" data-id=\"4e5e613\" data-element_type=\"widget\" data-widget_type=\"spacer.default\">\n\t\t\t\t<div class=\"elementor-widget-container\">\n\t\t\t\t\t<div class=\"elementor-spacer\">\n\t\t\t<div class=\"elementor-spacer-inner\"><\/div>\n\t\t<\/div>\n\t\t\t\t<\/div>\n\t\t\t\t<\/div>\n\t\t\t\t\t<\/div>\n\t\t<\/div>\n\t\t\t\t\t\t\t<\/div>\n\t\t<\/section>\n\t\t\t\t<div class=\"elementor-element elementor-element-ad268cf elementor-widget elementor-widget-spacer\" data-id=\"ad268cf\" data-element_type=\"widget\" data-widget_type=\"spacer.default\">\n\t\t\t\t<div class=\"elementor-widget-container\">\n\t\t\t\t\t<div class=\"elementor-spacer\">\n\t\t\t<div class=\"elementor-spacer-inner\"><\/div>\n\t\t<\/div>\n\t\t\t\t<\/div>\n\t\t\t\t<\/div>\n\t\t\t\t\t<\/div>\n\t\t<\/div>\n\t\t\t\t\t\t\t<\/div>\n\t\t<\/section>\n\t\t\t\t\t\t\t<\/div>\n\t\t\n    <div class=\"xs_social_share_widget xs_share_url after_content \t\tmain_content  wslu-style-1 wslu-share-box-shaped wslu-fill-colored wslu-none wslu-share-horizontal wslu-theme-font-no wslu-main_content\">\n\n\t\t\n        <ul>\n\t\t\t        <\/ul>\n    <\/div> \n","protected":false},"excerpt":{"rendered":"<p>We Provide Best Industrial Services 15 ki\u015filik montaj kadromuz var. %80 yurt d\u0131\u015f\u0131 \u00e7al\u0131\u015f\u0131yoruz. \u00d6zellikle Rusya , Afrika \u00fclkeleri Cezayir,\u00a0Fas,\u00a0Tunus\u00a0gibi \u00dcretim &#038; Arge 85% Teknik Servis &#038; Destek 97% B\u00fct\u00fcn S\u00fcre\u00e7te Yan\u0131n\u0131zday\u0131z. +90 533 433 97 69<\/p>\n","protected":false},"author":1,"featured_media":3806,"parent":0,"menu_order":1,"comment_status":"closed","ping_status":"closed","template":"","meta":{"inline_featured_image":false,"footnotes":""},"class_list":["post-1912","page","type-page","status-publish","has-post-thumbnail","hentry"],"_links":{"self":[{"href":"https:\/\/sefayarar.com.tr\/demo\/erdem\/wp-json\/wp\/v2\/pages\/1912","targetHints":{"allow":["GET"]}}],"collection":[{"href":"https:\/\/sefayarar.com.tr\/demo\/erdem\/wp-json\/wp\/v2\/pages"}],"about":[{"href":"https:\/\/sefayarar.com.tr\/demo\/erdem\/wp-json\/wp\/v2\/types\/page"}],"author":[{"embeddable":true,"href":"https:\/\/sefayarar.com.tr\/demo\/erdem\/wp-json\/wp\/v2\/users\/1"}],"replies":[{"embeddable":true,"href":"https:\/\/sefayarar.com.tr\/demo\/erdem\/wp-json\/wp\/v2\/comments?post=1912"}],"version-history":[{"count":59,"href":"https:\/\/sefayarar.com.tr\/demo\/erdem\/wp-json\/wp\/v2\/pages\/1912\/revisions"}],"predecessor-version":[{"id":6372,"href":"https:\/\/sefayarar.com.tr\/demo\/erdem\/wp-json\/wp\/v2\/pages\/1912\/revisions\/6372"}],"wp:featuredmedia":[{"embeddable":true,"href":"https:\/\/sefayarar.com.tr\/demo\/erdem\/wp-json\/wp\/v2\/media\/3806"}],"wp:attachment":[{"href":"https:\/\/sefayarar.com.tr\/demo\/erdem\/wp-json\/wp\/v2\/media?parent=1912"}],"curies":[{"name":"wp","href":"https:\/\/api.w.org\/{rel}","templated":true}]}}