{"id":5861,"date":"2023-05-05T16:37:18","date_gmt":"2023-05-05T16:37:18","guid":{"rendered":"https:\/\/tplabs.co\/congin\/?page_id=1693"},"modified":"2023-05-05T16:37:18","modified_gmt":"2023-05-05T16:37:18","slug":"news-grid","status":"publish","type":"page","link":"https:\/\/sefayarar.com.tr\/demo\/erdem\/news-grid\/","title":{"rendered":"News Grid"},"content":{"rendered":"\t\t<div data-elementor-type=\"wp-page\" data-elementor-id=\"5861\" class=\"elementor elementor-5861\">\n\t\t\t\t\t\t\t\t\t<section class=\"elementor-section elementor-top-section elementor-element elementor-element-88765c1 elementor-section-stretched elementor-section-boxed elementor-section-height-default elementor-section-height-default\" data-id=\"88765c1\" data-element_type=\"section\" data-settings=\"{&quot;stretch_section&quot;:&quot;section-stretched&quot;}\">\n\t\t\t\t\t\t<div class=\"elementor-container elementor-column-gap-default\">\n\t\t\t\t\t<div class=\"elementor-column elementor-col-100 elementor-top-column elementor-element elementor-element-f42770a\" data-id=\"f42770a\" data-element_type=\"column\">\n\t\t\t<div class=\"elementor-widget-wrap elementor-element-populated\">\n\t\t\t\t\t\t\t\t<div class=\"elementor-element elementor-element-0d438d5 elementor-widget elementor-widget-spacer\" data-id=\"0d438d5\" data-element_type=\"widget\" data-widget_type=\"spacer.default\">\n\t\t\t\t<div class=\"elementor-widget-container\">\n\t\t\t<style>\/*! elementor - v3.18.0 - 20-12-2023 *\/\n.elementor-column .elementor-spacer-inner{height:var(--spacer-size)}.e-con{--container-widget-width:100%}.e-con-inner>.elementor-widget-spacer,.e-con>.elementor-widget-spacer{width:var(--container-widget-width,var(--spacer-size));--align-self:var(--container-widget-align-self,initial);--flex-shrink:0}.e-con-inner>.elementor-widget-spacer>.elementor-widget-container,.e-con>.elementor-widget-spacer>.elementor-widget-container{height:100%;width:100%}.e-con-inner>.elementor-widget-spacer>.elementor-widget-container>.elementor-spacer,.e-con>.elementor-widget-spacer>.elementor-widget-container>.elementor-spacer{height:100%}.e-con-inner>.elementor-widget-spacer>.elementor-widget-container>.elementor-spacer>.elementor-spacer-inner,.e-con>.elementor-widget-spacer>.elementor-widget-container>.elementor-spacer>.elementor-spacer-inner{height:var(--container-widget-height,var(--spacer-size))}.e-con-inner>.elementor-widget-spacer.elementor-widget-empty,.e-con>.elementor-widget-spacer.elementor-widget-empty{position:relative;min-height:22px;min-width:22px}.e-con-inner>.elementor-widget-spacer.elementor-widget-empty .elementor-widget-empty-icon,.e-con>.elementor-widget-spacer.elementor-widget-empty .elementor-widget-empty-icon{position:absolute;top:0;bottom:0;left:0;right:0;margin:auto;padding:0;width:22px;height:22px}<\/style>\t\t<div class=\"elementor-spacer\">\n\t\t\t<div class=\"elementor-spacer-inner\"><\/div>\n\t\t<\/div>\n\t\t\t\t<\/div>\n\t\t\t\t<\/div>\n\t\t\t\t<div class=\"elementor-element elementor-element-3bef219 news-style-1 elementor-widget elementor-widget-mae-news-grid\" data-id=\"3bef219\" data-element_type=\"widget\" data-widget_type=\"mae-news-grid.default\">\n\t\t\t\t<div class=\"elementor-widget-container\">\n\t\t\t\n        <div class=\"master-portfolio\" data-config='{\"columns\":3,\"columnsTablet\":2,\"columnsMobile\":1,\"gapHorizontal\":55,\"gapVertical\":30,\"layoutMode\":\"grid\"}'>\n            <div class=\"galleries cbp\">\n                                    \n                        <div class=\"master-news cbp-item\">\n                            <div class=\"image-wrap\"><a class=\"thumb\" href=\"https:\/\/sefayarar.com.tr\/demo\/erdem\/merhaba-dunya\/\" aria-label=\"Merhaba d\u00fcnya!\"><span class=\"inner\"><\/span><\/a><\/div><div class=\"content-wrap\"><span class=\"post-date default\"><span class=\"day\">07<\/span><span class=\"month\">Ara<\/span><\/span><div class=\"post-meta\"><span class=\"post-date item\">7, Aral\u0131k<\/span><span class=\"post-by-author item\"><span class=\"prefix\"><\/span> \n                        <a class=\"name\" href=\"https:\/\/sefayarar.com.tr\/demo\/erdem\/author\/erdem\/\" title=\"View all posts by Erdem\">Erdem<\/a>\n                    <\/span><span class=\"post-comment item\"><span class=\"inner\"><a href=\"https:\/\/sefayarar.com.tr\/demo\/erdem\/merhaba-dunya\/#comments\">1 Comment<\/a><\/span><\/span><\/div><h3 class=\"headline-2\"><a href=\"https:\/\/sefayarar.com.tr\/demo\/erdem\/merhaba-dunya\/\">Merhaba d\u00fcnya!<\/a><\/h3><div class=\"desc\">WordPress&#8217;e ho\u015f geldiniz. Bu sizin ilk yaz\u0131n\u0131z. Bu yaz\u0131y\u0131 d\u00fczenleyin<\/div><div class=\"sep\"><\/div><\/div>\n                        <\/div>\n                    \n                        <div class=\"master-news cbp-item\">\n                            <div class=\"image-wrap\"><a class=\"thumb\" href=\"https:\/\/sefayarar.com.tr\/demo\/erdem\/the-trina-solars-210-perc-cell-reaches-record-24-efficiency-2\/\" aria-label=\"The Trina Solar\u2019s 210 PERC cell reaches record 24% efficiency\"><span class=\"inner\"><img fetchpriority=\"high\" decoding=\"async\" width=\"370\" height=\"200\" src=\"https:\/\/sefayarar.com.tr\/demo\/erdem\/wp-content\/uploads\/2023\/09\/energy-blog-01-370x200.jpg\" class=\"attachment-mae-news size-mae-news wp-post-image\" alt=\"\" \/><\/span><\/a><\/div><div class=\"content-wrap\"><span class=\"post-date default\"><span class=\"day\">26<\/span><span class=\"month\">Eyl<\/span><\/span><div class=\"post-meta\"><span class=\"post-date item\">26, Eyl\u00fcl<\/span><span class=\"post-by-author item\"><span class=\"prefix\"><\/span> \n                        <a class=\"name\" href=\"https:\/\/sefayarar.com.tr\/demo\/erdem\/author\/erdem\/\" title=\"View all posts by Erdem\">Erdem<\/a>\n                    <\/span><span class=\"post-comment item\"><span class=\"inner\"><a href=\"https:\/\/sefayarar.com.tr\/demo\/erdem\/the-trina-solars-210-perc-cell-reaches-record-24-efficiency-2\/#respond\">0 Comments<\/a><\/span><\/span><\/div><h3 class=\"headline-2\"><a href=\"https:\/\/sefayarar.com.tr\/demo\/erdem\/the-trina-solars-210-perc-cell-reaches-record-24-efficiency-2\/\">The Trina Solar\u2019s 210 PERC cell reaches record 24% efficiency<\/a><\/h3><div class=\"desc\">Architecture and Engineering studio Foster + Partners has won planning<\/div><div class=\"sep\"><\/div><\/div>\n                        <\/div>\n                    \n                        <div class=\"master-news cbp-item\">\n                            <div class=\"image-wrap\"><a class=\"thumb\" href=\"https:\/\/sefayarar.com.tr\/demo\/erdem\/the-urgency-of-advancing-battery-storage-for-renewables-2\/\" aria-label=\"The urgency of advancing battery storage for renewables\"><span class=\"inner\"><img decoding=\"async\" width=\"370\" height=\"200\" src=\"https:\/\/sefayarar.com.tr\/demo\/erdem\/wp-content\/uploads\/2023\/09\/energy-blog-02-370x200.jpg\" class=\"attachment-mae-news size-mae-news wp-post-image\" alt=\"\" \/><\/span><\/a><\/div><div class=\"content-wrap\"><span class=\"post-date default\"><span class=\"day\">26<\/span><span class=\"month\">Eyl<\/span><\/span><div class=\"post-meta\"><span class=\"post-date item\">26, Eyl\u00fcl<\/span><span class=\"post-by-author item\"><span class=\"prefix\"><\/span> \n                        <a class=\"name\" href=\"https:\/\/sefayarar.com.tr\/demo\/erdem\/author\/erdem\/\" title=\"View all posts by Erdem\">Erdem<\/a>\n                    <\/span><span class=\"post-comment item\"><span class=\"inner\"><a href=\"https:\/\/sefayarar.com.tr\/demo\/erdem\/the-urgency-of-advancing-battery-storage-for-renewables-2\/#respond\">0 Comments<\/a><\/span><\/span><\/div><h3 class=\"headline-2\"><a href=\"https:\/\/sefayarar.com.tr\/demo\/erdem\/the-urgency-of-advancing-battery-storage-for-renewables-2\/\">The urgency of advancing battery storage for renewables<\/a><\/h3><div class=\"desc\">The organisations said it was looking for commissioners from the<\/div><div class=\"sep\"><\/div><\/div>\n                        <\/div>\n                    \n                        <div class=\"master-news cbp-item\">\n                            <div class=\"image-wrap\"><a class=\"thumb\" href=\"https:\/\/sefayarar.com.tr\/demo\/erdem\/the-new-electric-vehicle-charging-stations-to-meet-bidens-goal-2\/\" aria-label=\"The new electric vehicle charging stations to meet Biden\u2019s goal\"><span class=\"inner\"><img decoding=\"async\" width=\"370\" height=\"200\" src=\"https:\/\/sefayarar.com.tr\/demo\/erdem\/wp-content\/uploads\/2023\/09\/energy-blog-03-370x200.jpg\" class=\"attachment-mae-news size-mae-news wp-post-image\" alt=\"\" \/><\/span><\/a><\/div><div class=\"content-wrap\"><span class=\"post-date default\"><span class=\"day\">26<\/span><span class=\"month\">Eyl<\/span><\/span><div class=\"post-meta\"><span class=\"post-date item\">26, Eyl\u00fcl<\/span><span class=\"post-by-author item\"><span class=\"prefix\"><\/span> \n                        <a class=\"name\" href=\"https:\/\/sefayarar.com.tr\/demo\/erdem\/author\/erdem\/\" title=\"View all posts by Erdem\">Erdem<\/a>\n                    <\/span><span class=\"post-comment item\"><span class=\"inner\"><a href=\"https:\/\/sefayarar.com.tr\/demo\/erdem\/the-new-electric-vehicle-charging-stations-to-meet-bidens-goal-2\/#respond\">0 Comments<\/a><\/span><\/span><\/div><h3 class=\"headline-2\"><a href=\"https:\/\/sefayarar.com.tr\/demo\/erdem\/the-new-electric-vehicle-charging-stations-to-meet-bidens-goal-2\/\">The new electric vehicle charging stations to meet Biden\u2019s goal<\/a><\/h3><div class=\"desc\">Thomas Smith is director and head of global systems at<\/div><div class=\"sep\"><\/div><\/div>\n                        <\/div>\n                    \n                        <div class=\"master-news cbp-item\">\n                            <div class=\"image-wrap\"><a class=\"thumb\" href=\"https:\/\/sefayarar.com.tr\/demo\/erdem\/the-trina-solars-210-perc-cell-reaches-record-24-efficiency\/\" aria-label=\"The Trina Solar\u2019s 210 PERC cell reaches record 24% efficiency\"><span class=\"inner\"><img loading=\"lazy\" decoding=\"async\" width=\"370\" height=\"200\" src=\"https:\/\/sefayarar.com.tr\/demo\/erdem\/wp-content\/uploads\/2023\/09\/energy-blog-04-370x200.jpg\" class=\"attachment-mae-news size-mae-news wp-post-image\" alt=\"\" \/><\/span><\/a><\/div><div class=\"content-wrap\"><span class=\"post-date default\"><span class=\"day\">26<\/span><span class=\"month\">Eyl<\/span><\/span><div class=\"post-meta\"><span class=\"post-date item\">26, Eyl\u00fcl<\/span><span class=\"post-by-author item\"><span class=\"prefix\"><\/span> \n                        <a class=\"name\" href=\"https:\/\/sefayarar.com.tr\/demo\/erdem\/author\/erdem\/\" title=\"View all posts by Erdem\">Erdem<\/a>\n                    <\/span><span class=\"post-comment item\"><span class=\"inner\"><a href=\"https:\/\/sefayarar.com.tr\/demo\/erdem\/the-trina-solars-210-perc-cell-reaches-record-24-efficiency\/#respond\">0 Comments<\/a><\/span><\/span><\/div><h3 class=\"headline-2\"><a href=\"https:\/\/sefayarar.com.tr\/demo\/erdem\/the-trina-solars-210-perc-cell-reaches-record-24-efficiency\/\">The Trina Solar\u2019s 210 PERC cell reaches record 24% efficiency<\/a><\/h3><div class=\"desc\">Architecture and Engineering studio Foster + Partners has won planning<\/div><div class=\"sep\"><\/div><\/div>\n                        <\/div>\n                    \n                        <div class=\"master-news cbp-item\">\n                            <div class=\"image-wrap\"><a class=\"thumb\" href=\"https:\/\/sefayarar.com.tr\/demo\/erdem\/the-urgency-of-advancing-battery-storage-for-renewables\/\" aria-label=\"The urgency of advancing battery storage for renewables\"><span class=\"inner\"><img decoding=\"async\" width=\"370\" height=\"200\" src=\"https:\/\/sefayarar.com.tr\/demo\/erdem\/wp-content\/uploads\/2023\/09\/energy-blog-02-370x200.jpg\" class=\"attachment-mae-news size-mae-news wp-post-image\" alt=\"\" \/><\/span><\/a><\/div><div class=\"content-wrap\"><span class=\"post-date default\"><span class=\"day\">26<\/span><span class=\"month\">Eyl<\/span><\/span><div class=\"post-meta\"><span class=\"post-date item\">26, Eyl\u00fcl<\/span><span class=\"post-by-author item\"><span class=\"prefix\"><\/span> \n                        <a class=\"name\" href=\"https:\/\/sefayarar.com.tr\/demo\/erdem\/author\/erdem\/\" title=\"View all posts by Erdem\">Erdem<\/a>\n                    <\/span><span class=\"post-comment item\"><span class=\"inner\"><a href=\"https:\/\/sefayarar.com.tr\/demo\/erdem\/the-urgency-of-advancing-battery-storage-for-renewables\/#respond\">0 Comments<\/a><\/span><\/span><\/div><h3 class=\"headline-2\"><a href=\"https:\/\/sefayarar.com.tr\/demo\/erdem\/the-urgency-of-advancing-battery-storage-for-renewables\/\">The urgency of advancing battery storage for renewables<\/a><\/h3><div class=\"desc\">The organisations said it was looking for commissioners from the<\/div><div class=\"sep\"><\/div><\/div>\n                        <\/div>\n                                <\/div><!-- galleries -->\n        <\/div><!-- master-portfolio -->\n        <div class=\"congin-pagination clearfix\"><ul class='page-numbers'>\n\t<li><span aria-current=\"page\" class=\"page-numbers current\">1<\/span><\/li>\n\t<li><a class=\"page-numbers\" href=\"https:\/\/sefayarar.com.tr\/demo\/erdem\/wp-json\/wp\/v2\/pages\/5861\/page\/2\/\">2<\/a><\/li>\n\t<li><a class=\"page-numbers\" href=\"https:\/\/sefayarar.com.tr\/demo\/erdem\/wp-json\/wp\/v2\/pages\/5861\/page\/3\/\">3<\/a><\/li>\n\t<li><a class=\"page-numbers\" href=\"https:\/\/sefayarar.com.tr\/demo\/erdem\/wp-json\/wp\/v2\/pages\/5861\/page\/4\/\">4<\/a><\/li>\n\t<li><span class=\"page-numbers dots\">&hellip;<\/span><\/li>\n\t<li><a class=\"page-numbers\" href=\"https:\/\/sefayarar.com.tr\/demo\/erdem\/wp-json\/wp\/v2\/pages\/5861\/page\/8\/\">8<\/a><\/li>\n\t<li><a class=\"next page-numbers\" href=\"https:\/\/sefayarar.com.tr\/demo\/erdem\/wp-json\/wp\/v2\/pages\/5861\/page\/2\/\"><i class=\"ci-chevron-right\"><\/i><\/a><\/li>\n<\/ul>\n<\/div>\t\t<\/div>\n\t\t\t\t<\/div>\n\t\t\t\t<div class=\"elementor-element elementor-element-0633d35 elementor-widget elementor-widget-spacer\" data-id=\"0633d35\" data-element_type=\"widget\" data-widget_type=\"spacer.default\">\n\t\t\t\t<div class=\"elementor-widget-container\">\n\t\t\t\t\t<div class=\"elementor-spacer\">\n\t\t\t<div class=\"elementor-spacer-inner\"><\/div>\n\t\t<\/div>\n\t\t\t\t<\/div>\n\t\t\t\t<\/div>\n\t\t\t\t\t<\/div>\n\t\t<\/div>\n\t\t\t\t\t\t\t<\/div>\n\t\t<\/section>\n\t\t\t\t\t\t\t<\/div>\n\t\t\n    <div class=\"xs_social_share_widget xs_share_url after_content \t\tmain_content  wslu-style-1 wslu-share-box-shaped wslu-fill-colored wslu-none wslu-share-horizontal wslu-theme-font-no wslu-main_content\">\n\n\t\t\n        <ul>\n\t\t\t        <\/ul>\n    <\/div> \n","protected":false},"excerpt":{"rendered":"<p>14May14, May admin 0 Comments How to Build your Mechanical Tools There are many variations of passages of Lorem Ipsum available, 14May14, May admin 0 Comments Don\u2019t get framed by the competitions There are many variations of passages of Lorem Ipsum available, 14May14, May admin 0 Comments Many desktop publish<\/p>\n","protected":false},"author":1,"featured_media":0,"parent":0,"menu_order":0,"comment_status":"closed","ping_status":"closed","template":"","meta":{"inline_featured_image":false,"footnotes":""},"class_list":["post-5861","page","type-page","status-publish","hentry"],"_links":{"self":[{"href":"https:\/\/sefayarar.com.tr\/demo\/erdem\/wp-json\/wp\/v2\/pages\/5861","targetHints":{"allow":["GET"]}}],"collection":[{"href":"https:\/\/sefayarar.com.tr\/demo\/erdem\/wp-json\/wp\/v2\/pages"}],"about":[{"href":"https:\/\/sefayarar.com.tr\/demo\/erdem\/wp-json\/wp\/v2\/types\/page"}],"author":[{"embeddable":true,"href":"https:\/\/sefayarar.com.tr\/demo\/erdem\/wp-json\/wp\/v2\/users\/1"}],"replies":[{"embeddable":true,"href":"https:\/\/sefayarar.com.tr\/demo\/erdem\/wp-json\/wp\/v2\/comments?post=5861"}],"version-history":[{"count":0,"href":"https:\/\/sefayarar.com.tr\/demo\/erdem\/wp-json\/wp\/v2\/pages\/5861\/revisions"}],"wp:attachment":[{"href":"https:\/\/sefayarar.com.tr\/demo\/erdem\/wp-json\/wp\/v2\/media?parent=5861"}],"curies":[{"name":"wp","href":"https:\/\/api.w.org\/{rel}","templated":true}]}}